{"id":204,"date":"2020-05-20T04:59:52","date_gmt":"2020-05-20T07:59:52","guid":{"rendered":"http:\/\/eniklaus.com\/?page_id=204"},"modified":"2020-07-01T02:45:53","modified_gmt":"2020-07-01T05:45:53","slug":"inovacao","status":"publish","type":"page","link":"https:\/\/eniklaus.com\/?page_id=204","title":{"rendered":"Inova\u00e7\u00e3o"},"content":{"rendered":"\n<p class=\"has-text-align-left\">No contexto da Tecnologia da Informa\u00e7\u00e3o, a chave para a inova\u00e7\u00e3o estava com as pessoas que elaboravam os hardwares e softwares. Agora os usu\u00e1rios \u00e9 que v\u00e3o liderar o movimento. A utiliza\u00e7\u00e3o&nbsp;<em>open source<\/em>&nbsp;est\u00e1 mudando quando e como a inova\u00e7\u00e3o acontece. <\/p>\n\n\n\n<p class=\"has-text-align-left\">Hoje, empresas como Google, Facebook e Twitter, apenas para citar alguns exemplos, utilizam&nbsp;<em>open sourc<\/em>e porque reconhecem que h\u00e1 valor em compartilhar e trabalhar junto. <\/p>\n\n\n\n<p class=\"has-text-align-left\">N\u00e3o h\u00e1 nada errado com as tradicionais, mas as que enxergam este novo modelo de contribui\u00e7\u00e3o est\u00e3o na frente em termos de inova\u00e7\u00e3o nesse sentido. Isso muda como a tecnologia \u00e9 constru\u00edda e, como tudo \u00e9 aberto, o jeito como ser\u00e1 consumida. Esse conceito de informa\u00e7\u00e3o aberta est\u00e1 se espalhando por outras \u00e1reas. <\/p>\n\n\n\n<p>E eNiklaus utiliza diversas ferramentas Open Source para sua opera\u00e7\u00e3o e implementa em seus clientes o melhor do mundo Open Source.<\/p>\n","protected":false},"excerpt":{"rendered":"<p>No contexto da Tecnologia da Informa\u00e7\u00e3o, a chave para a inova\u00e7\u00e3o estava com as pessoas que elaboravam os hardwares e softwares. Agora os usu\u00e1rios \u00e9 que v\u00e3o liderar o movimento. A utiliza\u00e7\u00e3o&nbsp;open source&nbsp;est\u00e1 mudando quando e como a inova\u00e7\u00e3o acontece. Hoje, empresas como Google, Facebook e Twitter, apenas para citar alguns exemplos, utilizam&nbsp;open source porque [&hellip;]<\/p>\n","protected":false},"author":1,"featured_media":0,"parent":0,"menu_order":0,"comment_status":"closed","ping_status":"closed","template":"","meta":{"footnotes":""},"class_list":["post-204","page","type-page","status-publish","hentry"],"_links":{"self":[{"href":"https:\/\/eniklaus.com\/index.php?rest_route=\/wp\/v2\/pages\/204","targetHints":{"allow":["GET"]}}],"collection":[{"href":"https:\/\/eniklaus.com\/index.php?rest_route=\/wp\/v2\/pages"}],"about":[{"href":"https:\/\/eniklaus.com\/index.php?rest_route=\/wp\/v2\/types\/page"}],"author":[{"embeddable":true,"href":"https:\/\/eniklaus.com\/index.php?rest_route=\/wp\/v2\/users\/1"}],"replies":[{"embeddable":true,"href":"https:\/\/eniklaus.com\/index.php?rest_route=%2Fwp%2Fv2%2Fcomments&post=204"}],"version-history":[{"count":5,"href":"https:\/\/eniklaus.com\/index.php?rest_route=\/wp\/v2\/pages\/204\/revisions"}],"predecessor-version":[{"id":494,"href":"https:\/\/eniklaus.com\/index.php?rest_route=\/wp\/v2\/pages\/204\/revisions\/494"}],"wp:attachment":[{"href":"https:\/\/eniklaus.com\/index.php?rest_route=%2Fwp%2Fv2%2Fmedia&parent=204"}],"curies":[{"name":"wp","href":"https:\/\/api.w.org\/{rel}","templated":true}]}}